{"id":6,"date":"2025-07-15T10:00:05","date_gmt":"2025-07-15T10:00:05","guid":{"rendered":"https:\/\/korsonsky.com\/?page_id=6"},"modified":"2025-07-15T10:00:05","modified_gmt":"2025-07-15T10:00:05","slug":"bienvenue-sur-le-site-de-igreen","status":"publish","type":"page","link":"https:\/\/korsonsky.com\/","title":{"rendered":"Bienvenue sur le site de iGreen"},"content":{"rendered":"\n<p>Nous sommes convaincus que les technologies num\u00e9riques peuvent grandement am\u00e9liorer la vie de chacun d\u2019entre nous.<br><br>C\u2019est pourquoi nous sommes l\u00e0 pour vous aider \u00e0 en tirer le meilleur parti en vous offrant une assistance compl\u00e8te et personnalis\u00e9e.<br>Nous sommes des experts en mati\u00e8re de technologie, ayant des connaissances approfondies en mati\u00e8re de comp\u00e9tences informatiques et de cr\u00e9ation de pr\u00e9sence professionnelle en ligne, et nous avons \u00e0 c\u0153ur de partager notre savoir-faire avec vous.<\/p>\n\n\n\n<p>Nous sommes \u00e9galement tr\u00e8s conscients de notre responsabilit\u00e9 environnementale et c\u2019est pourquoi nous proposons \u00e9galement des services de recyclage \u00e9lectronique. Nous comprenons l\u2019importance de la durabilit\u00e9 et nous travaillons sans rel\u00e2che pour minimiser notre impact sur l\u2019environnement.<\/p>\n\n\n\n<p>Notre mission est de vous accompagner \u00e0 travers le monde num\u00e9rique de mani\u00e8re responsable et efficace. Nous sommes persuad\u00e9s que la technologie peut \u00eatre un v\u00e9ritable atout pour vous, mais nous voulons \u00e9galement que vous soyez en mesure de l\u2019utiliser de mani\u00e8re \u00e9thique et en accord avec vos valeurs. Faites-nous confiance pour vous guider en toute s\u00e9curit\u00e9 et avec la plus grande expertise dans l\u2019univers passionnant de la technologie num\u00e9rique.<\/p>\n","protected":false},"excerpt":{"rendered":"<p>Nous sommes convaincus que les technologies num\u00e9riques peuvent grandement am\u00e9liorer la vie de chacun d\u2019entre nous. C\u2019est pourquoi nous sommes l\u00e0 pour vous aider \u00e0 en tirer le meilleur parti en vous offrant une assistance compl\u00e8te et personnalis\u00e9e.Nous sommes des experts en mati\u00e8re de technologie, ayant des connaissances approfondies en mati\u00e8re de comp\u00e9tences informatiques et [&hellip;]<\/p>\n","protected":false},"author":1,"featured_media":0,"parent":0,"menu_order":0,"comment_status":"closed","ping_status":"closed","template":"","meta":{"footnotes":""},"class_list":["post-6","page","type-page","status-publish","hentry"],"_links":{"self":[{"href":"https:\/\/korsonsky.com\/index.php\/wp-json\/wp\/v2\/pages\/6","targetHints":{"allow":["GET"]}}],"collection":[{"href":"https:\/\/korsonsky.com\/index.php\/wp-json\/wp\/v2\/pages"}],"about":[{"href":"https:\/\/korsonsky.com\/index.php\/wp-json\/wp\/v2\/types\/page"}],"author":[{"embeddable":true,"href":"https:\/\/korsonsky.com\/index.php\/wp-json\/wp\/v2\/users\/1"}],"replies":[{"embeddable":true,"href":"https:\/\/korsonsky.com\/index.php\/wp-json\/wp\/v2\/comments?post=6"}],"version-history":[{"count":1,"href":"https:\/\/korsonsky.com\/index.php\/wp-json\/wp\/v2\/pages\/6\/revisions"}],"predecessor-version":[{"id":8,"href":"https:\/\/korsonsky.com\/index.php\/wp-json\/wp\/v2\/pages\/6\/revisions\/8"}],"wp:attachment":[{"href":"https:\/\/korsonsky.com\/index.php\/wp-json\/wp\/v2\/media?parent=6"}],"curies":[{"name":"wp","href":"https:\/\/api.w.org\/{rel}","templated":true}]}}